{"id":915,"date":"2022-05-03T22:10:27","date_gmt":"2022-05-04T03:10:27","guid":{"rendered":"https:\/\/micasapv.com\/home\/"},"modified":"2024-03-03T08:01:15","modified_gmt":"2024-03-03T14:01:15","slug":"home","status":"publish","type":"page","link":"https:\/\/micasapv.com\/es\/","title":{"rendered":"Home"},"content":{"rendered":"","protected":false},"excerpt":{"rendered":"","protected":false},"author":1,"featured_media":0,"parent":0,"menu_order":0,"comment_status":"closed","ping_status":"closed","template":"page-home.php","meta":{"_seopress_robots_primary_cat":"","_seopress_titles_title":"Mi Casa PV Real Estate, Homes, Condos and Real Estate Sales, Rentals and Management in PV, Puerto Vallarta","_seopress_titles_desc":"Mi Casa PV aporta un nuevo enfoque a las ventas de condominios y viviendas y bienes ra\u00edces en PV.  Satisfacer sus necesidades es siempre nuestro objetivo principal. Si est\u00e1 pensando en comprar un condominio como casa de vacaciones o casa de retiro en PV, visite nuestro sitio web o ll\u00e1menos.","_seopress_robots_index":""},"class_list":["post-915","page","type-page","status-publish"],"_links":{"self":[{"href":"https:\/\/micasapv.com\/es\/wp-json\/wp\/v2\/pages\/915","targetHints":{"allow":["GET"]}}],"collection":[{"href":"https:\/\/micasapv.com\/es\/wp-json\/wp\/v2\/pages"}],"about":[{"href":"https:\/\/micasapv.com\/es\/wp-json\/wp\/v2\/types\/page"}],"author":[{"embeddable":true,"href":"https:\/\/micasapv.com\/es\/wp-json\/wp\/v2\/users\/1"}],"replies":[{"embeddable":true,"href":"https:\/\/micasapv.com\/es\/wp-json\/wp\/v2\/comments?post=915"}],"version-history":[{"count":1,"href":"https:\/\/micasapv.com\/es\/wp-json\/wp\/v2\/pages\/915\/revisions"}],"predecessor-version":[{"id":916,"href":"https:\/\/micasapv.com\/es\/wp-json\/wp\/v2\/pages\/915\/revisions\/916"}],"wp:attachment":[{"href":"https:\/\/micasapv.com\/es\/wp-json\/wp\/v2\/media?parent=915"}],"curies":[{"name":"wp","href":"https:\/\/api.w.org\/{rel}","templated":true}]}}