{"id":1007,"date":"2022-05-30T17:30:54","date_gmt":"2022-05-30T22:30:54","guid":{"rendered":"https:\/\/micasapv.com\/news\/"},"modified":"2024-02-19T11:09:57","modified_gmt":"2024-02-19T17:09:57","slug":"noticias","status":"publish","type":"page","link":"https:\/\/micasapv.com\/es\/noticias\/","title":{"rendered":"News"},"content":{"rendered":"","protected":false},"excerpt":{"rendered":"","protected":false},"author":1,"featured_media":0,"parent":0,"menu_order":0,"comment_status":"closed","ping_status":"closed","template":"page-articles.php","meta":{"_seopress_robots_primary_cat":"","_seopress_titles_title":"News | Mi Casa PV Real Estate","_seopress_titles_desc":"S\u00edguenos mientras Mi Casa PV Real Estate te mantiene actualizado con lo mejor de los bienes ra\u00edces y el estilo de vida de Puerto Vallarta en nuestra secci\u00f3n de noticias","_seopress_robots_index":""},"class_list":["post-1007","page","type-page","status-publish"],"_links":{"self":[{"href":"https:\/\/micasapv.com\/es\/wp-json\/wp\/v2\/pages\/1007","targetHints":{"allow":["GET"]}}],"collection":[{"href":"https:\/\/micasapv.com\/es\/wp-json\/wp\/v2\/pages"}],"about":[{"href":"https:\/\/micasapv.com\/es\/wp-json\/wp\/v2\/types\/page"}],"author":[{"embeddable":true,"href":"https:\/\/micasapv.com\/es\/wp-json\/wp\/v2\/users\/1"}],"replies":[{"embeddable":true,"href":"https:\/\/micasapv.com\/es\/wp-json\/wp\/v2\/comments?post=1007"}],"version-history":[{"count":1,"href":"https:\/\/micasapv.com\/es\/wp-json\/wp\/v2\/pages\/1007\/revisions"}],"predecessor-version":[{"id":1008,"href":"https:\/\/micasapv.com\/es\/wp-json\/wp\/v2\/pages\/1007\/revisions\/1008"}],"wp:attachment":[{"href":"https:\/\/micasapv.com\/es\/wp-json\/wp\/v2\/media?parent=1007"}],"curies":[{"name":"wp","href":"https:\/\/api.w.org\/{rel}","templated":true}]}}